{"id":217,"date":"2013-11-11T21:42:13","date_gmt":"2013-11-11T20:42:13","guid":{"rendered":"http:\/\/95.110.158.103\/luksim.net\/?page_id=217"},"modified":"2021-08-26T08:55:49","modified_gmt":"2021-08-26T07:55:49","slug":"selvaggina","status":"publish","type":"page","link":"https:\/\/www.luksim.net\/it?page_id=217","title":{"rendered":"Selvaggina"},"content":{"rendered":"<p><a href=\"http:\/\/www.luksim.net\/wp-content\/uploads\/2013\/09\/beccaccia-woodcock.jpg\"><img loading=\"lazy\" decoding=\"async\" class=\"size-medium wp-image-12 aligncenter\" src=\"http:\/\/www.luksim.net\/wp-content\/uploads\/2013\/09\/beccaccia-woodcock-300x230.jpg\" alt=\"\" width=\"300\" height=\"230\" srcset=\"https:\/\/www.luksim.net\/wp-content\/uploads\/2013\/09\/beccaccia-woodcock-300x230.jpg 300w, https:\/\/www.luksim.net\/wp-content\/uploads\/2013\/09\/beccaccia-woodcock.jpg 406w\" sizes=\"auto, (max-width: 300px) 100vw, 300px\" \/><\/a><\/p>\n<p style=\"text-align: center;\">La\u00a0<b>Beccaccia<\/b>\u00a0\u00e8 un selvatico molto ambito dai cacciatori, l&#8217;ansia della ricerca, la tensione che precede lo sparo, la gioia esaltante di chi ha conquistato la preda. La vita intima di questo uccello, essenzialmente solitario, che trascorre la sua esistenza di giorno fra il folto dei boschi, dai quali esce solo con le prime ombre della notte, \u00e8 ancora troppo piena di tenebre e di mistero. La caccia alla &#8220;regina&#8221; \u00e8 prima vocazione, poi tecnica. Il cacciatore di Beccacce \u00e8 un poeta, guardando gli occhi grandi della &#8220;regina&#8221; ci vede riflessi lontani boschi di betulle. La <a title=\"Caccia alle Beccacce\" href=\"http:\/\/www.luksim.net\/it\/caccia-alle-beccacce\/\"><strong>Caccia alle Beccacce<\/strong><\/a><\/p>\n<hr \/>\n<p><a href=\"http:\/\/www.luksim.net\/wp-content\/uploads\/2013\/09\/coturnice.jpg\"><img loading=\"lazy\" decoding=\"async\" class=\"size-medium wp-image-13 aligncenter\" src=\"http:\/\/www.luksim.net\/wp-content\/uploads\/2013\/09\/coturnice-300x235.jpg\" alt=\"\" width=\"300\" height=\"235\" srcset=\"https:\/\/www.luksim.net\/wp-content\/uploads\/2013\/09\/coturnice-300x235.jpg 300w, https:\/\/www.luksim.net\/wp-content\/uploads\/2013\/09\/coturnice.jpg 403w\" sizes=\"auto, (max-width: 300px) 100vw, 300px\" \/><\/a><\/p>\n<p style=\"text-align: center;\">Un cane pu\u00f2 farti rinascere la voglia di andare in cerca di un selvatico che sui monti di casa tua non esiste pi\u00f9 e spingerti a cercarlo in un territorio con un habitat incontaminato. Una caccia vera, sofferta che esalta le doti del cacciatore. La caccia alla\u00a0<strong>Coturnice<\/strong>\u00a0mantiene intatto tutto il suo fascino antico. E&#8217; il selvatico ideale per il cane da ferma.<\/p>\n<hr \/>\n<p><a href=\"http:\/\/www.luksim.net\/wp-content\/uploads\/2013\/09\/starna-partridge.jpg\"><img loading=\"lazy\" decoding=\"async\" class=\"size-medium wp-image-15 aligncenter\" src=\"http:\/\/www.luksim.net\/wp-content\/uploads\/2013\/09\/starna-partridge-300x245.jpg\" alt=\"\" width=\"300\" height=\"245\" srcset=\"https:\/\/www.luksim.net\/wp-content\/uploads\/2013\/09\/starna-partridge-300x245.jpg 300w, https:\/\/www.luksim.net\/wp-content\/uploads\/2013\/09\/starna-partridge.jpg 405w\" sizes=\"auto, (max-width: 300px) 100vw, 300px\" \/><\/a><\/p>\n<p style=\"text-align: center;\">La\u00a0<strong>Starna<\/strong>\u00a0\u00e8 uno dei volatili pi\u00f9 ambiti dai cacciatori. Laurea campione il cane che sia riuscito a cogliere nell&#8217;aria la sottile emanazione. Fin dall&#8217;antichit\u00e0 ha sempre avuto per il cacciatore un fascino irresistibile. Fu sport d&#8217;elite e continua ad esserlo soltanto perch\u00e9 esige cacciatori ed ausiliari esperti. E&#8217; un selvatico che non s&#8217;inventa e solo la selvaggina autentica resta la sola in grado di salvare la spontaneit\u00e0 della caccia.<br \/>\n<!--\n\n\n\n<hr \/>\n\n\n\n&nbsp;\n\n<a href=\"http:\/\/95.110.158.103\/luksim.net\/wp-content\/uploads\/2013\/09\/lepre-hare.jpg\"><img loading=\"lazy\" decoding=\"async\" class=\"alignleft  wp-image-14\" alt=\"lepre-hare\" src=\"http:\/\/95.110.158.103\/luksim.net\/wp-content\/uploads\/2013\/09\/lepre-hare-150x150.jpg\" width=\"105\" height=\"105\" \/><\/a>La\u00a0<strong>Lepre<\/strong>\u00a0\u00e8 indubbiamente il selvatico pi\u00f9 noto, quello che simboleggia la caccia. Il catturarla rappresenta, per il cacciatore, una conquista degna di essere ricordata. La Lepre \u00e8 un selvatico per specialisti. Uno dei pochi in grado di impegnare cacciatore e cane. E non sempre uomo e ausiliari risultano alla fine vincitori.\u00a0La cattura di una Lepre \u00e8 solo l'ultimo atto di una ricerca magari cominciata alcune ore prima. Ma conquistarla non \u00e8 facile, occorre essere esperti cacciatori.\n\n&nbsp;\n--><\/p>\n","protected":false},"excerpt":{"rendered":"<p>La\u00a0Beccaccia\u00a0\u00e8 un selvatico molto ambito dai cacciatori, l&#8217;ansia della ricerca, la tensione che precede lo sparo, la gioia esaltante di chi ha conquistato la preda. La vita intima di questo uccello, essenzialmente solitario, che trascorre la sua esistenza di giorno fra il folto dei boschi, dai quali esce solo con le prime ombre della notte, [&hellip;]<\/p>\n","protected":false},"author":1,"featured_media":0,"parent":0,"menu_order":0,"comment_status":"closed","ping_status":"open","template":"","meta":{"_monsterinsights_skip_tracking":false,"_monsterinsights_sitenote_active":false,"_monsterinsights_sitenote_note":"","_monsterinsights_sitenote_category":0,"footnotes":""},"class_list":["post-217","page","type-page","status-publish","czr-hentry"],"yoast_head":"<!-- This site is optimized with the Yoast SEO plugin v27.5 - https:\/\/yoast.com\/product\/yoast-seo-wordpress\/ -->\n<title>Selvaggina | LUKSIM<\/title>\n<meta name=\"robots\" content=\"index, follow, max-snippet:-1, max-image-preview:large, max-video-preview:-1\" \/>\n<link rel=\"canonical\" href=\"https:\/\/www.luksim.net\/it?page_id=217\" \/>\n<meta property=\"og:locale\" content=\"it_IT\" \/>\n<meta property=\"og:type\" content=\"article\" \/>\n<meta property=\"og:title\" content=\"Selvaggina | LUKSIM\" \/>\n<meta property=\"og:description\" content=\"La\u00a0Beccaccia\u00a0\u00e8 un selvatico molto ambito dai cacciatori, l&#8217;ansia della ricerca, la tensione che precede lo sparo, la gioia esaltante di chi ha conquistato la preda. La vita intima di questo uccello, essenzialmente solitario, che trascorre la sua esistenza di giorno fra il folto dei boschi, dai quali esce solo con le prime ombre della notte, [&hellip;]\" \/>\n<meta property=\"og:url\" content=\"https:\/\/www.luksim.net\/it?page_id=217\" \/>\n<meta property=\"og:site_name\" content=\"LUKSIM\" \/>\n<meta property=\"article:modified_time\" content=\"2021-08-26T07:55:49+00:00\" \/>\n<meta property=\"og:image\" content=\"http:\/\/www.luksim.net\/wp-content\/uploads\/2013\/09\/beccaccia-woodcock-300x230.jpg\" \/>\n<meta name=\"twitter:label1\" content=\"Tempo di lettura stimato\" \/>\n\t<meta name=\"twitter:data1\" content=\"3 minuti\" \/>\n<script type=\"application\/ld+json\" class=\"yoast-schema-graph\">{\"@context\":\"https:\\\/\\\/schema.org\",\"@graph\":[{\"@type\":\"WebPage\",\"@id\":\"https:\\\/\\\/www.luksim.net\\\/it?page_id=217\",\"url\":\"https:\\\/\\\/www.luksim.net\\\/it?page_id=217\",\"name\":\"Selvaggina | LUKSIM\",\"isPartOf\":{\"@id\":\"https:\\\/\\\/www.luksim.net\\\/it\\\/#website\"},\"primaryImageOfPage\":{\"@id\":\"https:\\\/\\\/www.luksim.net\\\/it?page_id=217#primaryimage\"},\"image\":{\"@id\":\"https:\\\/\\\/www.luksim.net\\\/it?page_id=217#primaryimage\"},\"thumbnailUrl\":\"http:\\\/\\\/www.luksim.net\\\/wp-content\\\/uploads\\\/2013\\\/09\\\/beccaccia-woodcock-300x230.jpg\",\"datePublished\":\"2013-11-11T20:42:13+00:00\",\"dateModified\":\"2021-08-26T07:55:49+00:00\",\"inLanguage\":\"it-IT\",\"potentialAction\":[{\"@type\":\"ReadAction\",\"target\":[\"https:\\\/\\\/www.luksim.net\\\/it?page_id=217\"]}]},{\"@type\":\"ImageObject\",\"inLanguage\":\"it-IT\",\"@id\":\"https:\\\/\\\/www.luksim.net\\\/it?page_id=217#primaryimage\",\"url\":\"http:\\\/\\\/www.luksim.net\\\/wp-content\\\/uploads\\\/2013\\\/09\\\/beccaccia-woodcock-300x230.jpg\",\"contentUrl\":\"http:\\\/\\\/www.luksim.net\\\/wp-content\\\/uploads\\\/2013\\\/09\\\/beccaccia-woodcock-300x230.jpg\"},{\"@type\":\"WebSite\",\"@id\":\"https:\\\/\\\/www.luksim.net\\\/it\\\/#website\",\"url\":\"https:\\\/\\\/www.luksim.net\\\/it\\\/\",\"name\":\"LUKSIM\",\"description\":\"Caccia in Croazia - Hunting in Croatia\",\"potentialAction\":[{\"@type\":\"SearchAction\",\"target\":{\"@type\":\"EntryPoint\",\"urlTemplate\":\"https:\\\/\\\/www.luksim.net\\\/it\\\/?s={search_term_string}\"},\"query-input\":{\"@type\":\"PropertyValueSpecification\",\"valueRequired\":true,\"valueName\":\"search_term_string\"}}],\"inLanguage\":\"it-IT\"}]}<\/script>\n<!-- \/ Yoast SEO plugin. -->","yoast_head_json":{"title":"Selvaggina | LUKSIM","robots":{"index":"index","follow":"follow","max-snippet":"max-snippet:-1","max-image-preview":"max-image-preview:large","max-video-preview":"max-video-preview:-1"},"canonical":"https:\/\/www.luksim.net\/it?page_id=217","og_locale":"it_IT","og_type":"article","og_title":"Selvaggina | LUKSIM","og_description":"La\u00a0Beccaccia\u00a0\u00e8 un selvatico molto ambito dai cacciatori, l&#8217;ansia della ricerca, la tensione che precede lo sparo, la gioia esaltante di chi ha conquistato la preda. La vita intima di questo uccello, essenzialmente solitario, che trascorre la sua esistenza di giorno fra il folto dei boschi, dai quali esce solo con le prime ombre della notte, [&hellip;]","og_url":"https:\/\/www.luksim.net\/it?page_id=217","og_site_name":"LUKSIM","article_modified_time":"2021-08-26T07:55:49+00:00","og_image":[{"url":"http:\/\/www.luksim.net\/wp-content\/uploads\/2013\/09\/beccaccia-woodcock-300x230.jpg","type":"","width":"","height":""}],"twitter_misc":{"Tempo di lettura stimato":"3 minuti"},"schema":{"@context":"https:\/\/schema.org","@graph":[{"@type":"WebPage","@id":"https:\/\/www.luksim.net\/it?page_id=217","url":"https:\/\/www.luksim.net\/it?page_id=217","name":"Selvaggina | LUKSIM","isPartOf":{"@id":"https:\/\/www.luksim.net\/it\/#website"},"primaryImageOfPage":{"@id":"https:\/\/www.luksim.net\/it?page_id=217#primaryimage"},"image":{"@id":"https:\/\/www.luksim.net\/it?page_id=217#primaryimage"},"thumbnailUrl":"http:\/\/www.luksim.net\/wp-content\/uploads\/2013\/09\/beccaccia-woodcock-300x230.jpg","datePublished":"2013-11-11T20:42:13+00:00","dateModified":"2021-08-26T07:55:49+00:00","inLanguage":"it-IT","potentialAction":[{"@type":"ReadAction","target":["https:\/\/www.luksim.net\/it?page_id=217"]}]},{"@type":"ImageObject","inLanguage":"it-IT","@id":"https:\/\/www.luksim.net\/it?page_id=217#primaryimage","url":"http:\/\/www.luksim.net\/wp-content\/uploads\/2013\/09\/beccaccia-woodcock-300x230.jpg","contentUrl":"http:\/\/www.luksim.net\/wp-content\/uploads\/2013\/09\/beccaccia-woodcock-300x230.jpg"},{"@type":"WebSite","@id":"https:\/\/www.luksim.net\/it\/#website","url":"https:\/\/www.luksim.net\/it\/","name":"LUKSIM","description":"Caccia in Croazia - Hunting in Croatia","potentialAction":[{"@type":"SearchAction","target":{"@type":"EntryPoint","urlTemplate":"https:\/\/www.luksim.net\/it\/?s={search_term_string}"},"query-input":{"@type":"PropertyValueSpecification","valueRequired":true,"valueName":"search_term_string"}}],"inLanguage":"it-IT"}]}},"_links":{"self":[{"href":"https:\/\/www.luksim.net\/it\/index.php?rest_route=\/wp\/v2\/pages\/217","targetHints":{"allow":["GET"]}}],"collection":[{"href":"https:\/\/www.luksim.net\/it\/index.php?rest_route=\/wp\/v2\/pages"}],"about":[{"href":"https:\/\/www.luksim.net\/it\/index.php?rest_route=\/wp\/v2\/types\/page"}],"author":[{"embeddable":true,"href":"https:\/\/www.luksim.net\/it\/index.php?rest_route=\/wp\/v2\/users\/1"}],"replies":[{"embeddable":true,"href":"https:\/\/www.luksim.net\/it\/index.php?rest_route=%2Fwp%2Fv2%2Fcomments&post=217"}],"version-history":[{"count":10,"href":"https:\/\/www.luksim.net\/it\/index.php?rest_route=\/wp\/v2\/pages\/217\/revisions"}],"predecessor-version":[{"id":411,"href":"https:\/\/www.luksim.net\/it\/index.php?rest_route=\/wp\/v2\/pages\/217\/revisions\/411"}],"wp:attachment":[{"href":"https:\/\/www.luksim.net\/it\/index.php?rest_route=%2Fwp%2Fv2%2Fmedia&parent=217"}],"curies":[{"name":"wp","href":"https:\/\/api.w.org\/{rel}","templated":true}]}}