{"id":233,"date":"2014-04-02T10:33:59","date_gmt":"2014-04-02T09:33:59","guid":{"rendered":"http:\/\/www.luksim.net\/?page_id=233"},"modified":"2014-04-07T12:53:58","modified_gmt":"2014-04-07T11:53:58","slug":"caccia-in-croazia","status":"publish","type":"page","link":"https:\/\/www.luksim.net\/it?page_id=233","title":{"rendered":"Caccia in Croazia"},"content":{"rendered":"<p>La <strong>Caccia in Croazia<\/strong> \u00e8 quanto di meglio si possa desiderare per esprimere la propria passione. Paesaggio incontaminato e colline verdeggianti immerse nella tranquillit\u00e0. Lo scenario ideale per riappropriarsi della vita a stretto contatto con la natura e prendersi una pausa rigenerante.\u00a0Luksim ti permette di trovare tutto quello che stavi cercando. Non aspettare altro tempo per intraprendere questo fantastico viaggio, senza pensare ad altro che a divertirti, senza preoccuparti degli aspetti organizzativi che saranno curati in ogni aspetto.<\/p>\n<p><a href=\"http:\/\/www.luksim.net\/wp-content\/uploads\/2014\/04\/riserva-caccia-croazia.jpg\"><img loading=\"lazy\" decoding=\"async\" class=\"alignleft size-medium wp-image-234\" alt=\"riserva caccia croazia\" src=\"http:\/\/www.luksim.net\/wp-content\/uploads\/2014\/04\/riserva-caccia-croazia-300x199.jpg\" width=\"300\" height=\"199\" srcset=\"https:\/\/www.luksim.net\/wp-content\/uploads\/2014\/04\/riserva-caccia-croazia-300x199.jpg 300w, https:\/\/www.luksim.net\/wp-content\/uploads\/2014\/04\/riserva-caccia-croazia.jpg 800w\" sizes=\"auto, (max-width: 300px) 100vw, 300px\" \/><\/a><\/p>\n<p>&nbsp;<\/p>\n<p>&nbsp;<\/p>\n<p>&nbsp;<\/p>\n<p>&nbsp;<\/p>\n<p>&nbsp;<\/p>\n<p>&nbsp;<\/p>\n<p>&nbsp;<\/p>\n<p>&nbsp;<\/p>\n<p>Luksim ti permette di realizzare l&#8217;esperienza della<strong> caccia in Croazia<\/strong> in totale sicurezza e senerit\u00e0, pensando a tutta l&#8217;organizzazione del viaggio dall&#8217;Italia, al soggiorno ed a tutte le attivit\u00e0 che si svolgeranno quotidianamente, facendoti apprezzare al meglio questa antica attivit\u00e0 svoltasi da sempre nella storia da ogni classe sociale, sia per sostentamento che per divertimento.<\/p>\n<p>&nbsp;<\/p>\n<p><a href=\"http:\/\/www.luksim.net\/wp-content\/uploads\/2014\/04\/caccia-beccacce.jpg\"><img loading=\"lazy\" decoding=\"async\" class=\"alignleft size-medium wp-image-235\" alt=\"caccia beccacce\" src=\"http:\/\/www.luksim.net\/wp-content\/uploads\/2014\/04\/caccia-beccacce-300x199.jpg\" width=\"300\" height=\"199\" srcset=\"https:\/\/www.luksim.net\/wp-content\/uploads\/2014\/04\/caccia-beccacce-300x199.jpg 300w, https:\/\/www.luksim.net\/wp-content\/uploads\/2014\/04\/caccia-beccacce.jpg 800w\" sizes=\"auto, (max-width: 300px) 100vw, 300px\" \/><\/a><\/p>\n<p>&nbsp;<\/p>\n<p>&nbsp;<\/p>\n<p>&nbsp;<\/p>\n<p>&nbsp;<\/p>\n<p>&nbsp;<\/p>\n<p>&nbsp;<\/p>\n<p>&nbsp;<\/p>\n<p>&nbsp;<\/p>\n<p>Insomma, se la <strong>caccia<\/strong> \u00e8 la tua passione, in <strong>Croazia<\/strong> troverai un ambiente senza pari. Non perdere l&#8217;occasione di gustare appieno di un&#8217;esperienza straordinaria che non pu\u00f2 essere paragonata a nessun altro luogo, con riserve dalle ottime condizioni naturali, ricche di selvaggina di ogni taglia e caratteristica.<\/p>\n<p><a href=\"http:\/\/www.luksim.net\/wp-content\/uploads\/2014\/04\/croazia-cartina.jpg\"><img loading=\"lazy\" decoding=\"async\" class=\"alignleft size-medium wp-image-236\" alt=\"croazia cartina\" src=\"http:\/\/www.luksim.net\/wp-content\/uploads\/2014\/04\/croazia-cartina-300x199.jpg\" width=\"300\" height=\"199\" srcset=\"https:\/\/www.luksim.net\/wp-content\/uploads\/2014\/04\/croazia-cartina-300x199.jpg 300w, https:\/\/www.luksim.net\/wp-content\/uploads\/2014\/04\/croazia-cartina.jpg 800w\" sizes=\"auto, (max-width: 300px) 100vw, 300px\" \/><\/a><\/p>\n","protected":false},"excerpt":{"rendered":"<p>La Caccia in Croazia \u00e8 quanto di meglio si possa desiderare per esprimere la propria passione. Paesaggio incontaminato e colline verdeggianti immerse nella tranquillit\u00e0. Lo scenario ideale per riappropriarsi della vita a stretto contatto con la natura e prendersi una pausa rigenerante.\u00a0Luksim ti permette di trovare tutto quello che stavi cercando. Non aspettare altro tempo [&hellip;]<\/p>\n","protected":false},"author":1,"featured_media":0,"parent":0,"menu_order":0,"comment_status":"closed","ping_status":"open","template":"","meta":{"_monsterinsights_skip_tracking":false,"_monsterinsights_sitenote_active":false,"_monsterinsights_sitenote_note":"","_monsterinsights_sitenote_category":0,"footnotes":""},"class_list":["post-233","page","type-page","status-publish","czr-hentry"],"yoast_head":"<!-- This site is optimized with the Yoast SEO plugin v27.5 - https:\/\/yoast.com\/product\/yoast-seo-wordpress\/ -->\n<title>Caccia in Croazia<\/title>\n<meta name=\"description\" content=\"Tutto quello che serve per chi vuole andare a caccia in Croazia in modo sicuro e piacevole. Dalla stagione delle beccacce e tanto altro\" \/>\n<meta name=\"robots\" content=\"index, follow, max-snippet:-1, max-image-preview:large, max-video-preview:-1\" \/>\n<link rel=\"canonical\" href=\"https:\/\/www.luksim.net\/it?page_id=233\" \/>\n<meta property=\"og:locale\" content=\"it_IT\" \/>\n<meta property=\"og:type\" content=\"article\" \/>\n<meta property=\"og:title\" content=\"Caccia in Croazia\" \/>\n<meta property=\"og:description\" content=\"Tutto quello che serve per chi vuole andare a caccia in Croazia in modo sicuro e piacevole. Dalla stagione delle beccacce e tanto altro\" \/>\n<meta property=\"og:url\" content=\"https:\/\/www.luksim.net\/it?page_id=233\" \/>\n<meta property=\"og:site_name\" content=\"LUKSIM\" \/>\n<meta property=\"article:modified_time\" content=\"2014-04-07T11:53:58+00:00\" \/>\n<meta property=\"og:image\" content=\"http:\/\/www.luksim.net\/wp-content\/uploads\/2014\/04\/riserva-caccia-croazia-300x199.jpg\" \/>\n<meta name=\"twitter:label1\" content=\"Tempo di lettura stimato\" \/>\n\t<meta name=\"twitter:data1\" content=\"1 minuto\" \/>\n<script type=\"application\/ld+json\" class=\"yoast-schema-graph\">{\"@context\":\"https:\\\/\\\/schema.org\",\"@graph\":[{\"@type\":\"WebPage\",\"@id\":\"https:\\\/\\\/www.luksim.net\\\/it?page_id=233\",\"url\":\"https:\\\/\\\/www.luksim.net\\\/it?page_id=233\",\"name\":\"Caccia in Croazia\",\"isPartOf\":{\"@id\":\"https:\\\/\\\/www.luksim.net\\\/it\\\/#website\"},\"primaryImageOfPage\":{\"@id\":\"https:\\\/\\\/www.luksim.net\\\/it?page_id=233#primaryimage\"},\"image\":{\"@id\":\"https:\\\/\\\/www.luksim.net\\\/it?page_id=233#primaryimage\"},\"thumbnailUrl\":\"http:\\\/\\\/www.luksim.net\\\/wp-content\\\/uploads\\\/2014\\\/04\\\/riserva-caccia-croazia-300x199.jpg\",\"datePublished\":\"2014-04-02T09:33:59+00:00\",\"dateModified\":\"2014-04-07T11:53:58+00:00\",\"description\":\"Tutto quello che serve per chi vuole andare a caccia in Croazia in modo sicuro e piacevole. Dalla stagione delle beccacce e tanto altro\",\"inLanguage\":\"it-IT\",\"potentialAction\":[{\"@type\":\"ReadAction\",\"target\":[\"https:\\\/\\\/www.luksim.net\\\/it?page_id=233\"]}]},{\"@type\":\"ImageObject\",\"inLanguage\":\"it-IT\",\"@id\":\"https:\\\/\\\/www.luksim.net\\\/it?page_id=233#primaryimage\",\"url\":\"http:\\\/\\\/www.luksim.net\\\/wp-content\\\/uploads\\\/2014\\\/04\\\/riserva-caccia-croazia-300x199.jpg\",\"contentUrl\":\"http:\\\/\\\/www.luksim.net\\\/wp-content\\\/uploads\\\/2014\\\/04\\\/riserva-caccia-croazia-300x199.jpg\"},{\"@type\":\"WebSite\",\"@id\":\"https:\\\/\\\/www.luksim.net\\\/it\\\/#website\",\"url\":\"https:\\\/\\\/www.luksim.net\\\/it\\\/\",\"name\":\"LUKSIM\",\"description\":\"Caccia in Croazia - Hunting in Croatia\",\"potentialAction\":[{\"@type\":\"SearchAction\",\"target\":{\"@type\":\"EntryPoint\",\"urlTemplate\":\"https:\\\/\\\/www.luksim.net\\\/it\\\/?s={search_term_string}\"},\"query-input\":{\"@type\":\"PropertyValueSpecification\",\"valueRequired\":true,\"valueName\":\"search_term_string\"}}],\"inLanguage\":\"it-IT\"}]}<\/script>\n<!-- \/ Yoast SEO plugin. -->","yoast_head_json":{"title":"Caccia in Croazia","description":"Tutto quello che serve per chi vuole andare a caccia in Croazia in modo sicuro e piacevole. Dalla stagione delle beccacce e tanto altro","robots":{"index":"index","follow":"follow","max-snippet":"max-snippet:-1","max-image-preview":"max-image-preview:large","max-video-preview":"max-video-preview:-1"},"canonical":"https:\/\/www.luksim.net\/it?page_id=233","og_locale":"it_IT","og_type":"article","og_title":"Caccia in Croazia","og_description":"Tutto quello che serve per chi vuole andare a caccia in Croazia in modo sicuro e piacevole. Dalla stagione delle beccacce e tanto altro","og_url":"https:\/\/www.luksim.net\/it?page_id=233","og_site_name":"LUKSIM","article_modified_time":"2014-04-07T11:53:58+00:00","og_image":[{"url":"http:\/\/www.luksim.net\/wp-content\/uploads\/2014\/04\/riserva-caccia-croazia-300x199.jpg","type":"","width":"","height":""}],"twitter_misc":{"Tempo di lettura stimato":"1 minuto"},"schema":{"@context":"https:\/\/schema.org","@graph":[{"@type":"WebPage","@id":"https:\/\/www.luksim.net\/it?page_id=233","url":"https:\/\/www.luksim.net\/it?page_id=233","name":"Caccia in Croazia","isPartOf":{"@id":"https:\/\/www.luksim.net\/it\/#website"},"primaryImageOfPage":{"@id":"https:\/\/www.luksim.net\/it?page_id=233#primaryimage"},"image":{"@id":"https:\/\/www.luksim.net\/it?page_id=233#primaryimage"},"thumbnailUrl":"http:\/\/www.luksim.net\/wp-content\/uploads\/2014\/04\/riserva-caccia-croazia-300x199.jpg","datePublished":"2014-04-02T09:33:59+00:00","dateModified":"2014-04-07T11:53:58+00:00","description":"Tutto quello che serve per chi vuole andare a caccia in Croazia in modo sicuro e piacevole. Dalla stagione delle beccacce e tanto altro","inLanguage":"it-IT","potentialAction":[{"@type":"ReadAction","target":["https:\/\/www.luksim.net\/it?page_id=233"]}]},{"@type":"ImageObject","inLanguage":"it-IT","@id":"https:\/\/www.luksim.net\/it?page_id=233#primaryimage","url":"http:\/\/www.luksim.net\/wp-content\/uploads\/2014\/04\/riserva-caccia-croazia-300x199.jpg","contentUrl":"http:\/\/www.luksim.net\/wp-content\/uploads\/2014\/04\/riserva-caccia-croazia-300x199.jpg"},{"@type":"WebSite","@id":"https:\/\/www.luksim.net\/it\/#website","url":"https:\/\/www.luksim.net\/it\/","name":"LUKSIM","description":"Caccia in Croazia - Hunting in Croatia","potentialAction":[{"@type":"SearchAction","target":{"@type":"EntryPoint","urlTemplate":"https:\/\/www.luksim.net\/it\/?s={search_term_string}"},"query-input":{"@type":"PropertyValueSpecification","valueRequired":true,"valueName":"search_term_string"}}],"inLanguage":"it-IT"}]}},"_links":{"self":[{"href":"https:\/\/www.luksim.net\/it\/index.php?rest_route=\/wp\/v2\/pages\/233","targetHints":{"allow":["GET"]}}],"collection":[{"href":"https:\/\/www.luksim.net\/it\/index.php?rest_route=\/wp\/v2\/pages"}],"about":[{"href":"https:\/\/www.luksim.net\/it\/index.php?rest_route=\/wp\/v2\/types\/page"}],"author":[{"embeddable":true,"href":"https:\/\/www.luksim.net\/it\/index.php?rest_route=\/wp\/v2\/users\/1"}],"replies":[{"embeddable":true,"href":"https:\/\/www.luksim.net\/it\/index.php?rest_route=%2Fwp%2Fv2%2Fcomments&post=233"}],"version-history":[{"count":4,"href":"https:\/\/www.luksim.net\/it\/index.php?rest_route=\/wp\/v2\/pages\/233\/revisions"}],"predecessor-version":[{"id":253,"href":"https:\/\/www.luksim.net\/it\/index.php?rest_route=\/wp\/v2\/pages\/233\/revisions\/253"}],"wp:attachment":[{"href":"https:\/\/www.luksim.net\/it\/index.php?rest_route=%2Fwp%2Fv2%2Fmedia&parent=233"}],"curies":[{"name":"wp","href":"https:\/\/api.w.org\/{rel}","templated":true}]}}