{"id":28,"date":"2013-09-21T22:46:38","date_gmt":"2013-09-21T21:46:38","guid":{"rendered":"http:\/\/95.110.158.103\/luksim.net\/?page_id=28"},"modified":"2017-02-26T11:29:40","modified_gmt":"2017-02-26T10:29:40","slug":"riserva","status":"publish","type":"page","link":"https:\/\/www.luksim.net\/it?page_id=28","title":{"rendered":"Riserva"},"content":{"rendered":"<p>In Croazia, paese ricco di fascino, si estendono territori ancora selvaggi e disabitati dove LUKSIM ha individuato le condizioni ideali per una caccia dal sapore genuino e il rapporto tra uomo e animale rispetta antichi equilibri.<\/p>\n<p>L&#8217;area della riserva insiste su territori della provincia di Zara e comprende le seguenti zone:<\/p>\n<p>&nbsp;<\/p>\n<h4>\u00a0VELIKI URLJAJ ( <a href=\"https:\/\/maps.google.it\/maps?f=q&amp;source=embed&amp;hl=it&amp;geocode=&amp;q=Veliki+Urljaj,+Bruvno,+Croazia&amp;aq=0&amp;oq=veliki+urljaj&amp;sll=44.404722,15.942778&amp;sspn=0.088544,0.224876&amp;t=h&amp;ie=UTF8&amp;hq=&amp;hnear=Veliki+Urljaj&amp;ll=44.404722,15.942707&amp;spn=0.042923,0.094414&amp;z=13&amp;iwloc=A\" target=\"_blank\">zoom<\/a>, <a href=\"#myvideo\">video<\/a> )<\/h4>\n<p>ettari 18123; situata nella zona di Gracac, offre una ottima quantit\u00e0 di beccacce.<\/p>\n<p><iframe loading=\"lazy\" src=\"https:\/\/maps.google.it\/maps?f=q&amp;source=s_q&amp;hl=it&amp;geocode=&amp;q=Veliki+Urljaj,+Bruvno,+Croazia&amp;aq=0&amp;oq=veliki+urljaj&amp;sll=44.404722,15.942778&amp;sspn=0.088544,0.224876&amp;t=h&amp;ie=UTF8&amp;hq=&amp;hnear=Veliki+Urljaj&amp;ll=44.404722,15.942707&amp;spn=0.042923,0.094414&amp;z=13&amp;iwloc=A&amp;output=embed\" width=\"550\" height=\"350\" frameborder=\"0\" marginwidth=\"0\" marginheight=\"0\" scrolling=\"no\"><\/iframe><\/p>\n<p>&nbsp;<\/p>\n<h4>\u00a0SILBA ( <a href=\"https:\/\/maps.google.it\/maps?f=q&amp;amp;source=embed&amp;amp;hl=it&amp;amp;geocode=&amp;amp;q=Silba,+Croazia&amp;amp;aq=0&amp;amp;oq=silba&amp;amp;sll=44.404722,15.942778&amp;amp;sspn=0.088544,0.224876&amp;amp;t=h&amp;amp;ie=UTF8&amp;amp;hq=&amp;amp;hnear=Silba,+Zadarska+%C5%BEupanija,+Croazia&amp;amp;ll=44.37614,14.694901&amp;amp;spn=0.042944,0.094414&amp;amp;z=13&amp;amp;iwloc=A\" target=\"_blank\">zoom<\/a> )<\/h4>\n<p>ettari 1498; si tratta di un&#8217;isola vicino a Losinj ottima per le beccacce e colombacci.<\/p>\n<p><iframe loading=\"lazy\" src=\"https:\/\/maps.google.it\/maps?f=q&amp;source=s_q&amp;hl=it&amp;geocode=&amp;q=Silba,+Croazia&amp;aq=0&amp;oq=silba&amp;sll=44.404722,15.942778&amp;sspn=0.088544,0.224876&amp;t=h&amp;ie=UTF8&amp;hq=&amp;hnear=Silba,+Zadarska+%C5%BEupanija,+Croazia&amp;ll=44.37614,14.694901&amp;spn=0.042944,0.094414&amp;z=13&amp;iwloc=A&amp;output=embed\" width=\"550\" height=\"350\" frameborder=\"0\" marginwidth=\"0\" marginheight=\"0\" scrolling=\"no\"><\/iframe><\/p>\n<p>&nbsp;<\/p>\n<h4>PREMUDA ( <a href=\"https:\/\/maps.google.it\/maps?f=q&amp;amp;source=embed&amp;amp;hl=it&amp;amp;geocode=&amp;amp;q=Premuda,+Croazia&amp;amp;aq=0&amp;amp;oq=premuda&amp;amp;sll=44.376102,14.694863&amp;amp;sspn=0.088587,0.224876&amp;amp;t=h&amp;amp;ie=UTF8&amp;amp;hq=&amp;amp;hnear=Premuda&amp;amp;ll=44.333303,14.599972&amp;amp;spn=0.021488,0.047207&amp;amp;z=14&amp;amp;iwloc=A\" target=\"_blank\">zoom<\/a> )<\/h4>\n<p>ettari 831; si tratta di un&#8217;isola vicino a Losinj e a Silba, ottima per le beccacce e i conigli selvatici.<\/p>\n<p><iframe loading=\"lazy\" src=\"https:\/\/maps.google.it\/maps?f=q&amp;source=s_q&amp;hl=it&amp;geocode=&amp;q=Premuda,+Croazia&amp;aq=0&amp;oq=premuda&amp;sll=44.376102,14.694863&amp;sspn=0.088587,0.224876&amp;t=h&amp;ie=UTF8&amp;hq=&amp;hnear=Premuda&amp;ll=44.333303,14.599972&amp;spn=0.021488,0.047207&amp;z=14&amp;iwloc=A&amp;output=embed\" width=\"550\" height=\"350\" frameborder=\"0\" marginwidth=\"0\" marginheight=\"0\" scrolling=\"no\"><\/iframe><\/p>\n<p>&nbsp;<\/p>\n<h4>DUGI OTOK ( <a href=\"https:\/\/maps.google.it\/maps?f=q&amp;amp;source=embed&amp;amp;hl=it&amp;amp;geocode=&amp;amp;q=Dugi+Otok,+Op%C4%87ina+Sali,+Croazia&amp;amp;aq=0&amp;amp;oq=dugi+otoco&amp;amp;sll=44.333333,14.6&amp;amp;sspn=0.044326,0.112438&amp;amp;t=h&amp;amp;ie=UTF8&amp;amp;hq=&amp;amp;hnear=Isola+Lunga&amp;amp;ll=43.967121,15.091095&amp;amp;spn=0.345944,0.75531&amp;amp;z=10&amp;amp;iwloc=A\" target=\"_blank\">zoom<\/a> )<\/h4>\n<p>(isola lunga) nel Parco dei Cornati: ettari 4568; in inverno, durante i periodi di grande freddo (Dicembre &#8211; Gennaio) c&#8217;\u00e8 una buona presenza di beccacce.<\/p>\n<p><iframe loading=\"lazy\" src=\"https:\/\/maps.google.it\/maps?f=q&amp;source=s_q&amp;hl=it&amp;geocode=&amp;q=Dugi+Otok,+Op%C4%87ina+Sali,+Croazia&amp;aq=0&amp;oq=dugi+otoco&amp;sll=44.333333,14.6&amp;sspn=0.044326,0.112438&amp;t=h&amp;ie=UTF8&amp;hq=&amp;hnear=Isola+Lunga&amp;ll=43.967121,15.091095&amp;spn=0.345944,0.75531&amp;z=10&amp;iwloc=A&amp;output=embed\" width=\"550\" height=\"350\" frameborder=\"0\" marginwidth=\"0\" marginheight=\"0\" scrolling=\"no\"><\/iframe><\/p>\n<p>&nbsp;<\/p>\n<h4>LJUBOVO ( <a href=\"https:\/\/maps.google.it\/maps?f=q&amp;amp;source=embed&amp;amp;hl=it&amp;amp;geocode=&amp;amp;q=Ljubovo,+Buni%C4%87,+Croazia&amp;amp;aq=0&amp;amp;oq=ljubovo&amp;amp;sll=43.966862,15.090815&amp;amp;sspn=0.713632,1.799011&amp;amp;t=h&amp;amp;ie=UTF8&amp;amp;hq=&amp;amp;hnear=Ljubovo,+Buni%C4%87,+Croazia&amp;amp;ll=44.656443,15.553293&amp;amp;spn=0.021369,0.047207&amp;amp;z=14&amp;amp;iwloc=A\" target=\"_blank\">zoom<\/a> )<\/h4>\n<p>ettari 11200; tale riserva confina con quella di Veliki Urljaj ed offre una ottima quantit\u00e0 di beccacce.<\/p>\n<p><iframe loading=\"lazy\" src=\"https:\/\/maps.google.it\/maps?f=q&amp;source=s_q&amp;hl=it&amp;geocode=&amp;q=Ljubovo,+Buni%C4%87,+Croazia&amp;aq=0&amp;oq=ljubovo&amp;sll=43.966862,15.090815&amp;sspn=0.713632,1.799011&amp;t=h&amp;ie=UTF8&amp;hq=&amp;hnear=Ljubovo,+Buni%C4%87,+Croazia&amp;ll=44.656443,15.553293&amp;spn=0.021369,0.047207&amp;z=14&amp;iwloc=A&amp;output=embed\" width=\"550\" height=\"350\" frameborder=\"0\" marginwidth=\"0\" marginheight=\"0\" scrolling=\"no\"><\/iframe><\/p>\n<p>&nbsp;<\/p>\n<h4>ZRMANJA VRELO ( <a href=\"https:\/\/maps.google.it\/maps?f=q&amp;amp;source=embed&amp;amp;hl=it&amp;amp;q=23440,+Zrmanja+Vrelo,+Zadarska+%C5%BEupanija,+Croazia&amp;amp;aq=&amp;amp;sll=44.656447,15.55328&amp;amp;sspn=0.022041,0.056219&amp;amp;t=h&amp;amp;ie=UTF8&amp;amp;geocode=FT1XogIdUP_0AA&amp;amp;split=0&amp;amp;hq=&amp;amp;hnear=Zrmanja+Vrelo,+Zadarska+%C5%BEupanija,+Croazia&amp;amp;ll=44.193651,16.056175&amp;amp;spn=0.043078,0.094414&amp;amp;z=13&amp;amp;iwloc=A\" target=\"_blank\">zoom<\/a> )<\/h4>\n<p>ettari 9546; tale riserva \u00e8 a 30 Km dalla citt\u00e0 di Gracac ed \u00e8 probabilmente la\u00a0 migliore riserva della Croazia centrale per le coturnici, offre una buona quantit\u00e0 di beccacce.<\/p>\n<p><iframe loading=\"lazy\" src=\"https:\/\/maps.google.it\/maps?f=q&amp;source=s_q&amp;hl=it&amp;q=23440,+Zrmanja+Vrelo,+Zadarska+%C5%BEupanija,+Croazia&amp;aq=&amp;sll=44.656447,15.55328&amp;sspn=0.022041,0.056219&amp;t=h&amp;ie=UTF8&amp;geocode=FT1XogIdUP_0AA&amp;split=0&amp;hq=&amp;hnear=Zrmanja+Vrelo,+Zadarska+%C5%BEupanija,+Croazia&amp;ll=44.193651,16.056175&amp;spn=0.043078,0.094414&amp;z=13&amp;iwloc=A&amp;output=embed\" width=\"550\" height=\"350\" frameborder=\"0\" marginwidth=\"0\" marginheight=\"0\" scrolling=\"no\"><\/iframe><\/p>\n<p>&nbsp;<\/p>\n<hr \/>\n<p><a name=\"myvideo\"><\/a><br \/>\nUn breve filmato di 5:27 minuti con suggestive immagini della riserva di <strong>Veliki Urljaj<\/strong>, oltre 18000 ettari di territorio dove cacciare beccaccie.<\/p>\n\r\n\t<!-- Begin Video.js -->\r\n\t<video id=\"example_video_id_1017887395\" class=\"video-js vjs-default-skin\" width=\"576\" height=\"432\" poster=\"http:\/\/89.46.196.7\/luksim.net\/vlcsnap.png\" controls preload=\"none\" data-setup='[]'>\r\n\t\t<source src=\"http:\/\/89.46.196.7\/luksim.net\/VELIKI_URLJAJ_576x432.mp4\" type='video\/mp4' \/>\r\n\t\t\r\n\t\t\r\n\t<\/video>\r\n\t<!-- End Video.js -->\r\n\n<p>&nbsp;<\/p>\n","protected":false},"excerpt":{"rendered":"<p>In Croazia, paese ricco di fascino, si estendono territori ancora selvaggi e disabitati dove LUKSIM ha individuato le condizioni ideali per una caccia dal sapore genuino e il rapporto tra uomo e animale rispetta antichi equilibri. L&#8217;area della riserva insiste su territori della provincia di Zara e comprende le seguenti zone: &nbsp; \u00a0VELIKI URLJAJ ( [&hellip;]<\/p>\n","protected":false},"author":1,"featured_media":72,"parent":0,"menu_order":0,"comment_status":"open","ping_status":"open","template":"","meta":{"_monsterinsights_skip_tracking":false,"_monsterinsights_sitenote_active":false,"_monsterinsights_sitenote_note":"","_monsterinsights_sitenote_category":0,"footnotes":""},"class_list":["post-28","page","type-page","status-publish","has-post-thumbnail","czr-hentry"],"yoast_head":"<!-- This site is optimized with the Yoast SEO plugin v27.5 - https:\/\/yoast.com\/product\/yoast-seo-wordpress\/ -->\n<title>Riserva | LUKSIM<\/title>\n<meta name=\"robots\" content=\"index, follow, max-snippet:-1, max-image-preview:large, max-video-preview:-1\" \/>\n<link rel=\"canonical\" href=\"https:\/\/www.luksim.net\/it?page_id=28\" \/>\n<meta property=\"og:locale\" content=\"it_IT\" \/>\n<meta property=\"og:type\" content=\"article\" \/>\n<meta property=\"og:title\" content=\"Riserva | LUKSIM\" \/>\n<meta property=\"og:description\" content=\"In Croazia, paese ricco di fascino, si estendono territori ancora selvaggi e disabitati dove LUKSIM ha individuato le condizioni ideali per una caccia dal sapore genuino e il rapporto tra uomo e animale rispetta antichi equilibri. L&#8217;area della riserva insiste su territori della provincia di Zara e comprende le seguenti zone: &nbsp; \u00a0VELIKI URLJAJ ( [&hellip;]\" \/>\n<meta property=\"og:url\" content=\"https:\/\/www.luksim.net\/it?page_id=28\" \/>\n<meta property=\"og:site_name\" content=\"LUKSIM\" \/>\n<meta property=\"article:modified_time\" content=\"2017-02-26T10:29:40+00:00\" \/>\n<meta property=\"og:image\" content=\"https:\/\/www.luksim.net\/wp-content\/uploads\/2013\/09\/vlcsnap-2013-09-22-17h19m58s20.jpg\" \/>\n\t<meta property=\"og:image:width\" content=\"720\" \/>\n\t<meta property=\"og:image:height\" content=\"544\" \/>\n\t<meta property=\"og:image:type\" content=\"image\/jpeg\" \/>\n<meta name=\"twitter:label1\" content=\"Tempo di lettura stimato\" \/>\n\t<meta name=\"twitter:data1\" content=\"1 minuto\" \/>\n<script type=\"application\/ld+json\" class=\"yoast-schema-graph\">{\"@context\":\"https:\\\/\\\/schema.org\",\"@graph\":[{\"@type\":\"WebPage\",\"@id\":\"https:\\\/\\\/www.luksim.net\\\/it?page_id=28\",\"url\":\"https:\\\/\\\/www.luksim.net\\\/it?page_id=28\",\"name\":\"Riserva | LUKSIM\",\"isPartOf\":{\"@id\":\"https:\\\/\\\/www.luksim.net\\\/it\\\/#website\"},\"primaryImageOfPage\":{\"@id\":\"https:\\\/\\\/www.luksim.net\\\/it?page_id=28#primaryimage\"},\"image\":{\"@id\":\"https:\\\/\\\/www.luksim.net\\\/it?page_id=28#primaryimage\"},\"thumbnailUrl\":\"https:\\\/\\\/www.luksim.net\\\/wp-content\\\/uploads\\\/2013\\\/09\\\/vlcsnap-2013-09-22-17h19m58s20.jpg\",\"datePublished\":\"2013-09-21T21:46:38+00:00\",\"dateModified\":\"2017-02-26T10:29:40+00:00\",\"inLanguage\":\"it-IT\",\"potentialAction\":[{\"@type\":\"ReadAction\",\"target\":[\"https:\\\/\\\/www.luksim.net\\\/it?page_id=28\"]}]},{\"@type\":\"ImageObject\",\"inLanguage\":\"it-IT\",\"@id\":\"https:\\\/\\\/www.luksim.net\\\/it?page_id=28#primaryimage\",\"url\":\"https:\\\/\\\/www.luksim.net\\\/wp-content\\\/uploads\\\/2013\\\/09\\\/vlcsnap-2013-09-22-17h19m58s20.jpg\",\"contentUrl\":\"https:\\\/\\\/www.luksim.net\\\/wp-content\\\/uploads\\\/2013\\\/09\\\/vlcsnap-2013-09-22-17h19m58s20.jpg\",\"width\":720,\"height\":544},{\"@type\":\"WebSite\",\"@id\":\"https:\\\/\\\/www.luksim.net\\\/it\\\/#website\",\"url\":\"https:\\\/\\\/www.luksim.net\\\/it\\\/\",\"name\":\"LUKSIM\",\"description\":\"Caccia in Croazia - Hunting in Croatia\",\"potentialAction\":[{\"@type\":\"SearchAction\",\"target\":{\"@type\":\"EntryPoint\",\"urlTemplate\":\"https:\\\/\\\/www.luksim.net\\\/it\\\/?s={search_term_string}\"},\"query-input\":{\"@type\":\"PropertyValueSpecification\",\"valueRequired\":true,\"valueName\":\"search_term_string\"}}],\"inLanguage\":\"it-IT\"}]}<\/script>\n<!-- \/ Yoast SEO plugin. -->","yoast_head_json":{"title":"Riserva | LUKSIM","robots":{"index":"index","follow":"follow","max-snippet":"max-snippet:-1","max-image-preview":"max-image-preview:large","max-video-preview":"max-video-preview:-1"},"canonical":"https:\/\/www.luksim.net\/it?page_id=28","og_locale":"it_IT","og_type":"article","og_title":"Riserva | LUKSIM","og_description":"In Croazia, paese ricco di fascino, si estendono territori ancora selvaggi e disabitati dove LUKSIM ha individuato le condizioni ideali per una caccia dal sapore genuino e il rapporto tra uomo e animale rispetta antichi equilibri. L&#8217;area della riserva insiste su territori della provincia di Zara e comprende le seguenti zone: &nbsp; \u00a0VELIKI URLJAJ ( [&hellip;]","og_url":"https:\/\/www.luksim.net\/it?page_id=28","og_site_name":"LUKSIM","article_modified_time":"2017-02-26T10:29:40+00:00","og_image":[{"width":720,"height":544,"url":"https:\/\/www.luksim.net\/wp-content\/uploads\/2013\/09\/vlcsnap-2013-09-22-17h19m58s20.jpg","type":"image\/jpeg"}],"twitter_misc":{"Tempo di lettura stimato":"1 minuto"},"schema":{"@context":"https:\/\/schema.org","@graph":[{"@type":"WebPage","@id":"https:\/\/www.luksim.net\/it?page_id=28","url":"https:\/\/www.luksim.net\/it?page_id=28","name":"Riserva | LUKSIM","isPartOf":{"@id":"https:\/\/www.luksim.net\/it\/#website"},"primaryImageOfPage":{"@id":"https:\/\/www.luksim.net\/it?page_id=28#primaryimage"},"image":{"@id":"https:\/\/www.luksim.net\/it?page_id=28#primaryimage"},"thumbnailUrl":"https:\/\/www.luksim.net\/wp-content\/uploads\/2013\/09\/vlcsnap-2013-09-22-17h19m58s20.jpg","datePublished":"2013-09-21T21:46:38+00:00","dateModified":"2017-02-26T10:29:40+00:00","inLanguage":"it-IT","potentialAction":[{"@type":"ReadAction","target":["https:\/\/www.luksim.net\/it?page_id=28"]}]},{"@type":"ImageObject","inLanguage":"it-IT","@id":"https:\/\/www.luksim.net\/it?page_id=28#primaryimage","url":"https:\/\/www.luksim.net\/wp-content\/uploads\/2013\/09\/vlcsnap-2013-09-22-17h19m58s20.jpg","contentUrl":"https:\/\/www.luksim.net\/wp-content\/uploads\/2013\/09\/vlcsnap-2013-09-22-17h19m58s20.jpg","width":720,"height":544},{"@type":"WebSite","@id":"https:\/\/www.luksim.net\/it\/#website","url":"https:\/\/www.luksim.net\/it\/","name":"LUKSIM","description":"Caccia in Croazia - Hunting in Croatia","potentialAction":[{"@type":"SearchAction","target":{"@type":"EntryPoint","urlTemplate":"https:\/\/www.luksim.net\/it\/?s={search_term_string}"},"query-input":{"@type":"PropertyValueSpecification","valueRequired":true,"valueName":"search_term_string"}}],"inLanguage":"it-IT"}]}},"_links":{"self":[{"href":"https:\/\/www.luksim.net\/it\/index.php?rest_route=\/wp\/v2\/pages\/28","targetHints":{"allow":["GET"]}}],"collection":[{"href":"https:\/\/www.luksim.net\/it\/index.php?rest_route=\/wp\/v2\/pages"}],"about":[{"href":"https:\/\/www.luksim.net\/it\/index.php?rest_route=\/wp\/v2\/types\/page"}],"author":[{"embeddable":true,"href":"https:\/\/www.luksim.net\/it\/index.php?rest_route=\/wp\/v2\/users\/1"}],"replies":[{"embeddable":true,"href":"https:\/\/www.luksim.net\/it\/index.php?rest_route=%2Fwp%2Fv2%2Fcomments&post=28"}],"version-history":[{"count":8,"href":"https:\/\/www.luksim.net\/it\/index.php?rest_route=\/wp\/v2\/pages\/28\/revisions"}],"predecessor-version":[{"id":295,"href":"https:\/\/www.luksim.net\/it\/index.php?rest_route=\/wp\/v2\/pages\/28\/revisions\/295"}],"wp:featuredmedia":[{"embeddable":true,"href":"https:\/\/www.luksim.net\/it\/index.php?rest_route=\/wp\/v2\/media\/72"}],"wp:attachment":[{"href":"https:\/\/www.luksim.net\/it\/index.php?rest_route=%2Fwp%2Fv2%2Fmedia&parent=28"}],"curies":[{"name":"wp","href":"https:\/\/api.w.org\/{rel}","templated":true}]}}